{"id":25963,"date":"2026-01-08T11:00:45","date_gmt":"2026-01-08T10:00:45","guid":{"rendered":"https:\/\/sabor-espana.com\/?post_type=product&#038;p=25963"},"modified":"2026-04-16T09:18:35","modified_gmt":"2026-04-16T07:18:35","slug":"sac-en-tissu-sabor-a-espana","status":"publish","type":"product","link":"https:\/\/sabor-espana.com\/fr\/product\/sac-en-tissu-sabor-a-espana\/","title":{"rendered":"Sac en tissu Sabor a Espa\u00f1a"},"content":{"rendered":"","protected":false},"excerpt":{"rendered":"<p>Un \u00e9l\u00e9gant sac fourre-tout de la marque <strong>\u00ab\u00a0Sabor a Espa\u00f1a\u00a0\u00bb<\/strong>, confectionn\u00e9 dans un tissu naturel r\u00e9sistant de couleur \u00e9cru, id\u00e9al pour un usage quotidien.<\/p>\n","protected":false},"featured_media":25841,"template":"","meta":[],"product_cat":[91],"product_tag":[],"class_list":{"0":"post-25963","1":"product","2":"type-product","3":"status-publish","4":"has-post-thumbnail","6":"product_cat-shop-online-fr","8":"first","9":"instock","10":"taxable","11":"shipping-taxable","12":"purchasable","13":"product-type-simple"},"_links":{"self":[{"href":"https:\/\/sabor-espana.com\/fr\/wp-json\/wp\/v2\/product\/25963"}],"collection":[{"href":"https:\/\/sabor-espana.com\/fr\/wp-json\/wp\/v2\/product"}],"about":[{"href":"https:\/\/sabor-espana.com\/fr\/wp-json\/wp\/v2\/types\/product"}],"wp:featuredmedia":[{"embeddable":true,"href":"https:\/\/sabor-espana.com\/fr\/wp-json\/wp\/v2\/media\/25841"}],"wp:attachment":[{"href":"https:\/\/sabor-espana.com\/fr\/wp-json\/wp\/v2\/media?parent=25963"}],"wp:term":[{"taxonomy":"product_cat","embeddable":true,"href":"https:\/\/sabor-espana.com\/fr\/wp-json\/wp\/v2\/product_cat?post=25963"},{"taxonomy":"product_tag","embeddable":true,"href":"https:\/\/sabor-espana.com\/fr\/wp-json\/wp\/v2\/product_tag?post=25963"}],"curies":[{"name":"wp","href":"https:\/\/api.w.org\/{rel}","templated":true}]}}