{"id":25959,"date":"2026-01-08T10:22:02","date_gmt":"2026-01-08T09:22:02","guid":{"rendered":"https:\/\/sabor-espana.com\/?post_type=product&#038;p=25959"},"modified":"2026-04-14T12:04:29","modified_gmt":"2026-04-14T10:04:29","slug":"assortiment-de-portions-de-pain-aux-figues","status":"publish","type":"product","link":"https:\/\/sabor-espana.com\/fr\/product\/assortiment-de-portions-de-pain-aux-figues\/","title":{"rendered":"Assortiment de portions de pain aux figues"},"content":{"rendered":"","protected":false},"excerpt":{"rendered":"<p>Un assortiment con\u00e7u pour les palais en qu\u00eate de vari\u00e9t\u00e9, de qualit\u00e9 et d&rsquo;une pr\u00e9sentation impeccable, id\u00e9al pour accompagner des fromages s\u00e9lectionn\u00e9s, des desserts artisanaux ou un apr\u00e8s-d\u00eener.<\/p>\n","protected":false},"featured_media":25889,"template":"","meta":[],"product_cat":[91,102],"product_tag":[],"class_list":{"0":"post-25959","1":"product","2":"type-product","3":"status-publish","4":"has-post-thumbnail","6":"product_cat-shop-online-fr","7":"product_cat-assorti","9":"first","10":"instock","11":"taxable","12":"shipping-taxable","13":"purchasable","14":"product-type-simple"},"_links":{"self":[{"href":"https:\/\/sabor-espana.com\/fr\/wp-json\/wp\/v2\/product\/25959"}],"collection":[{"href":"https:\/\/sabor-espana.com\/fr\/wp-json\/wp\/v2\/product"}],"about":[{"href":"https:\/\/sabor-espana.com\/fr\/wp-json\/wp\/v2\/types\/product"}],"wp:featuredmedia":[{"embeddable":true,"href":"https:\/\/sabor-espana.com\/fr\/wp-json\/wp\/v2\/media\/25889"}],"wp:attachment":[{"href":"https:\/\/sabor-espana.com\/fr\/wp-json\/wp\/v2\/media?parent=25959"}],"wp:term":[{"taxonomy":"product_cat","embeddable":true,"href":"https:\/\/sabor-espana.com\/fr\/wp-json\/wp\/v2\/product_cat?post=25959"},{"taxonomy":"product_tag","embeddable":true,"href":"https:\/\/sabor-espana.com\/fr\/wp-json\/wp\/v2\/product_tag?post=25959"}],"curies":[{"name":"wp","href":"https:\/\/api.w.org\/{rel}","templated":true}]}}