{"id":25931,"date":"2026-01-07T14:51:19","date_gmt":"2026-01-07T13:51:19","guid":{"rendered":"https:\/\/sabor-espana.com\/?post_type=product&#038;p=25931"},"modified":"2026-03-27T10:38:05","modified_gmt":"2026-03-27T09:38:05","slug":"regaliz-de-frambuesa","status":"publish","type":"product","link":"https:\/\/sabor-espana.com\/fr\/product\/regaliz-de-frambuesa\/","title":{"rendered":"Regaliz de frambuesa"},"content":{"rendered":"","protected":false},"excerpt":{"rendered":"<p>Cette r\u00e9glisse de 33 centim\u00e8tres se distingue par son \u00e9laboration soign\u00e9e et son \u00e9quilibre raffin\u00e9 de saveurs.<\/p>\n","protected":false},"featured_media":25926,"template":"","meta":[],"product_cat":[91],"product_tag":[],"class_list":{"0":"post-25931","1":"product","2":"type-product","3":"status-publish","4":"has-post-thumbnail","6":"product_cat-shop-online-fr","8":"first","9":"instock","10":"taxable","11":"shipping-taxable","12":"purchasable","13":"product-type-simple"},"_links":{"self":[{"href":"https:\/\/sabor-espana.com\/fr\/wp-json\/wp\/v2\/product\/25931"}],"collection":[{"href":"https:\/\/sabor-espana.com\/fr\/wp-json\/wp\/v2\/product"}],"about":[{"href":"https:\/\/sabor-espana.com\/fr\/wp-json\/wp\/v2\/types\/product"}],"wp:featuredmedia":[{"embeddable":true,"href":"https:\/\/sabor-espana.com\/fr\/wp-json\/wp\/v2\/media\/25926"}],"wp:attachment":[{"href":"https:\/\/sabor-espana.com\/fr\/wp-json\/wp\/v2\/media?parent=25931"}],"wp:term":[{"taxonomy":"product_cat","embeddable":true,"href":"https:\/\/sabor-espana.com\/fr\/wp-json\/wp\/v2\/product_cat?post=25931"},{"taxonomy":"product_tag","embeddable":true,"href":"https:\/\/sabor-espana.com\/fr\/wp-json\/wp\/v2\/product_tag?post=25931"}],"curies":[{"name":"wp","href":"https:\/\/api.w.org\/{rel}","templated":true}]}}