{"id":25906,"date":"2026-01-07T13:29:26","date_gmt":"2026-01-07T12:29:26","guid":{"rendered":"https:\/\/sabor-espana.com\/?post_type=product&#038;p=25906"},"modified":"2026-01-07T13:48:53","modified_gmt":"2026-01-07T12:48:53","slug":"bonbons-a-la-fraise-et-a-la-mure","status":"publish","type":"product","link":"https:\/\/sabor-espana.com\/fr\/product\/bonbons-a-la-fraise-et-a-la-mure\/","title":{"rendered":"Bonbons \u00e0 la fraise et \u00e0 la m\u00fbre"},"content":{"rendered":"","protected":false},"excerpt":{"rendered":"<p>Douces, onctueuses et pleines de saveur. Une touche fruit\u00e9e irr\u00e9sistible.<\/p>\n","protected":false},"featured_media":25829,"template":"","meta":[],"product_cat":[91],"product_tag":[],"class_list":{"0":"post-25906","1":"product","2":"type-product","3":"status-publish","4":"has-post-thumbnail","6":"product_cat-shop-online-fr","8":"first","9":"instock","10":"taxable","11":"shipping-taxable","12":"purchasable","13":"product-type-simple"},"_links":{"self":[{"href":"https:\/\/sabor-espana.com\/fr\/wp-json\/wp\/v2\/product\/25906"}],"collection":[{"href":"https:\/\/sabor-espana.com\/fr\/wp-json\/wp\/v2\/product"}],"about":[{"href":"https:\/\/sabor-espana.com\/fr\/wp-json\/wp\/v2\/types\/product"}],"wp:featuredmedia":[{"embeddable":true,"href":"https:\/\/sabor-espana.com\/fr\/wp-json\/wp\/v2\/media\/25829"}],"wp:attachment":[{"href":"https:\/\/sabor-espana.com\/fr\/wp-json\/wp\/v2\/media?parent=25906"}],"wp:term":[{"taxonomy":"product_cat","embeddable":true,"href":"https:\/\/sabor-espana.com\/fr\/wp-json\/wp\/v2\/product_cat?post=25906"},{"taxonomy":"product_tag","embeddable":true,"href":"https:\/\/sabor-espana.com\/fr\/wp-json\/wp\/v2\/product_tag?post=25906"}],"curies":[{"name":"wp","href":"https:\/\/api.w.org\/{rel}","templated":true}]}}