{"id":25903,"date":"2026-01-07T12:44:19","date_gmt":"2026-01-07T11:44:19","guid":{"rendered":"https:\/\/sabor-espana.com\/?post_type=product&#038;p=25903"},"modified":"2026-04-22T09:19:47","modified_gmt":"2026-04-22T07:19:47","slug":"amandes-iberiques","status":"publish","type":"product","link":"https:\/\/sabor-espana.com\/fr\/product\/amandes-iberiques\/","title":{"rendered":"Amandes ib\u00e9riques"},"content":{"rendered":"","protected":false},"excerpt":{"rendered":"<p>Amandes aux notes fum\u00e9es \u00e0 la saveur ib\u00e9rique, l\u00e9g\u00e8rement sal\u00e9es et profond\u00e9ment savoureuses.<\/p>\n","protected":false},"featured_media":25853,"template":"","meta":[],"product_cat":[91,85],"product_tag":[],"class_list":{"0":"post-25903","1":"product","2":"type-product","3":"status-publish","4":"has-post-thumbnail","6":"product_cat-shop-online-fr","7":"product_cat-fruits-secs","9":"first","10":"instock","11":"taxable","12":"shipping-taxable","13":"purchasable","14":"product-type-simple"},"_links":{"self":[{"href":"https:\/\/sabor-espana.com\/fr\/wp-json\/wp\/v2\/product\/25903"}],"collection":[{"href":"https:\/\/sabor-espana.com\/fr\/wp-json\/wp\/v2\/product"}],"about":[{"href":"https:\/\/sabor-espana.com\/fr\/wp-json\/wp\/v2\/types\/product"}],"wp:featuredmedia":[{"embeddable":true,"href":"https:\/\/sabor-espana.com\/fr\/wp-json\/wp\/v2\/media\/25853"}],"wp:attachment":[{"href":"https:\/\/sabor-espana.com\/fr\/wp-json\/wp\/v2\/media?parent=25903"}],"wp:term":[{"taxonomy":"product_cat","embeddable":true,"href":"https:\/\/sabor-espana.com\/fr\/wp-json\/wp\/v2\/product_cat?post=25903"},{"taxonomy":"product_tag","embeddable":true,"href":"https:\/\/sabor-espana.com\/fr\/wp-json\/wp\/v2\/product_tag?post=25903"}],"curies":[{"name":"wp","href":"https:\/\/api.w.org\/{rel}","templated":true}]}}