{"id":25900,"date":"2026-01-07T12:21:23","date_gmt":"2026-01-07T11:21:23","guid":{"rendered":"https:\/\/sabor-espana.com\/?post_type=product&#038;p=25900"},"modified":"2026-01-07T12:32:55","modified_gmt":"2026-01-07T11:32:55","slug":"amandes-salees","status":"publish","type":"product","link":"https:\/\/sabor-espana.com\/fr\/product\/amandes-salees\/","title":{"rendered":"Amandes sal\u00e9es"},"content":{"rendered":"","protected":false},"excerpt":{"rendered":"<p>Snack traditionnel reconnu pour sa qualit\u00e9 et son go\u00fbt incomparable.<\/p>\n","protected":false},"featured_media":25883,"template":"","meta":[],"product_cat":[91,85],"product_tag":[],"class_list":{"0":"post-25900","1":"product","2":"type-product","3":"status-publish","4":"has-post-thumbnail","6":"product_cat-shop-online-fr","7":"product_cat-fruits-secs","9":"first","10":"instock","11":"taxable","12":"shipping-taxable","13":"purchasable","14":"product-type-simple"},"_links":{"self":[{"href":"https:\/\/sabor-espana.com\/fr\/wp-json\/wp\/v2\/product\/25900"}],"collection":[{"href":"https:\/\/sabor-espana.com\/fr\/wp-json\/wp\/v2\/product"}],"about":[{"href":"https:\/\/sabor-espana.com\/fr\/wp-json\/wp\/v2\/types\/product"}],"wp:featuredmedia":[{"embeddable":true,"href":"https:\/\/sabor-espana.com\/fr\/wp-json\/wp\/v2\/media\/25883"}],"wp:attachment":[{"href":"https:\/\/sabor-espana.com\/fr\/wp-json\/wp\/v2\/media?parent=25900"}],"wp:term":[{"taxonomy":"product_cat","embeddable":true,"href":"https:\/\/sabor-espana.com\/fr\/wp-json\/wp\/v2\/product_cat?post=25900"},{"taxonomy":"product_tag","embeddable":true,"href":"https:\/\/sabor-espana.com\/fr\/wp-json\/wp\/v2\/product_tag?post=25900"}],"curies":[{"name":"wp","href":"https:\/\/api.w.org\/{rel}","templated":true}]}}