{"id":25811,"date":"2026-01-07T09:33:33","date_gmt":"2026-01-07T08:33:33","guid":{"rendered":"https:\/\/sabor-espana.com\/?post_type=product&#038;p=25811"},"modified":"2026-01-07T10:45:21","modified_gmt":"2026-01-07T09:45:21","slug":"pipas-caramelisees","status":"publish","type":"product","link":"https:\/\/sabor-espana.com\/fr\/product\/pipas-caramelisees\/","title":{"rendered":"Pipas caram\u00e9lis\u00e9es"},"content":{"rendered":"","protected":false},"excerpt":{"rendered":"<p>Croustillantes, sucr\u00e9es et pleines de saveur.<\/p>\n","protected":false},"featured_media":25808,"template":"","meta":[],"product_cat":[91,106,85],"product_tag":[],"class_list":{"0":"post-25811","1":"product","2":"type-product","3":"status-publish","4":"has-post-thumbnail","6":"product_cat-shop-online-fr","7":"product_cat-sucre","8":"product_cat-fruits-secs","10":"first","11":"instock","12":"taxable","13":"shipping-taxable","14":"purchasable","15":"product-type-simple"},"_links":{"self":[{"href":"https:\/\/sabor-espana.com\/fr\/wp-json\/wp\/v2\/product\/25811"}],"collection":[{"href":"https:\/\/sabor-espana.com\/fr\/wp-json\/wp\/v2\/product"}],"about":[{"href":"https:\/\/sabor-espana.com\/fr\/wp-json\/wp\/v2\/types\/product"}],"wp:featuredmedia":[{"embeddable":true,"href":"https:\/\/sabor-espana.com\/fr\/wp-json\/wp\/v2\/media\/25808"}],"wp:attachment":[{"href":"https:\/\/sabor-espana.com\/fr\/wp-json\/wp\/v2\/media?parent=25811"}],"wp:term":[{"taxonomy":"product_cat","embeddable":true,"href":"https:\/\/sabor-espana.com\/fr\/wp-json\/wp\/v2\/product_cat?post=25811"},{"taxonomy":"product_tag","embeddable":true,"href":"https:\/\/sabor-espana.com\/fr\/wp-json\/wp\/v2\/product_tag?post=25811"}],"curies":[{"name":"wp","href":"https:\/\/api.w.org\/{rel}","templated":true}]}}