{"id":24812,"date":"2025-11-24T10:46:06","date_gmt":"2025-11-24T09:46:06","guid":{"rendered":"https:\/\/sabor-espana.com\/?post_type=product&#038;p=24812"},"modified":"2026-04-14T13:55:46","modified_gmt":"2026-04-14T11:55:46","slug":"assortiment-collection-artisanale","status":"publish","type":"product","link":"https:\/\/sabor-espana.com\/fr\/product\/assortiment-collection-artisanale\/","title":{"rendered":"Assortiment Collection Artisanale"},"content":{"rendered":"","protected":false},"excerpt":{"rendered":"<p>\u00c0 l\u2019int\u00e9rieur, vous trouverez une s\u00e9lection unique de fruits secs, de nougats traditionnels et de d\u00e9licates pi\u00e8ces de p\u00e2tisserie, \u00e9labor\u00e9s avec des ingr\u00e9dients de la plus haute qualit\u00e9.<\/p>\n","protected":false},"featured_media":24807,"template":"","meta":[],"product_cat":[91,102,97],"product_tag":[],"class_list":{"0":"post-24812","1":"product","2":"type-product","3":"status-publish","4":"has-post-thumbnail","6":"product_cat-shop-online-fr","7":"product_cat-assorti","8":"product_cat-panier-de-noel","10":"first","11":"instock","12":"taxable","13":"shipping-taxable","14":"purchasable","15":"product-type-simple"},"_links":{"self":[{"href":"https:\/\/sabor-espana.com\/fr\/wp-json\/wp\/v2\/product\/24812"}],"collection":[{"href":"https:\/\/sabor-espana.com\/fr\/wp-json\/wp\/v2\/product"}],"about":[{"href":"https:\/\/sabor-espana.com\/fr\/wp-json\/wp\/v2\/types\/product"}],"wp:featuredmedia":[{"embeddable":true,"href":"https:\/\/sabor-espana.com\/fr\/wp-json\/wp\/v2\/media\/24807"}],"wp:attachment":[{"href":"https:\/\/sabor-espana.com\/fr\/wp-json\/wp\/v2\/media?parent=24812"}],"wp:term":[{"taxonomy":"product_cat","embeddable":true,"href":"https:\/\/sabor-espana.com\/fr\/wp-json\/wp\/v2\/product_cat?post=24812"},{"taxonomy":"product_tag","embeddable":true,"href":"https:\/\/sabor-espana.com\/fr\/wp-json\/wp\/v2\/product_tag?post=24812"}],"curies":[{"name":"wp","href":"https:\/\/api.w.org\/{rel}","templated":true}]}}