{"id":15238,"date":"2024-11-08T13:43:21","date_gmt":"2024-11-08T12:43:21","guid":{"rendered":"https:\/\/sabor-espana.com\/product\/surtido-de-palitos-de-turron\/"},"modified":"2026-01-28T14:14:41","modified_gmt":"2026-01-28T13:14:41","slug":"surtido-de-palitos-de-turron","status":"publish","type":"product","link":"https:\/\/sabor-espana.com\/fr\/product\/surtido-de-palitos-de-turron\/","title":{"rendered":"Assortiment de b\u00e2tonnets de nougat"},"content":{"rendered":"","protected":false},"excerpt":{"rendered":"<p>Une s\u00e9lection de b\u00e2tonnets de nougat aux saveurs irr\u00e9sistibles et aux textures croquantes.<\/p>\n","protected":false},"featured_media":19323,"template":"","meta":[],"product_cat":[91,102,88],"product_tag":[],"class_list":{"0":"post-15238","1":"product","2":"type-product","3":"status-publish","4":"has-post-thumbnail","6":"product_cat-shop-online-fr","7":"product_cat-assorti","8":"product_cat-tourons","10":"first","11":"instock","12":"taxable","13":"shipping-taxable","14":"purchasable","15":"product-type-simple"},"_links":{"self":[{"href":"https:\/\/sabor-espana.com\/fr\/wp-json\/wp\/v2\/product\/15238"}],"collection":[{"href":"https:\/\/sabor-espana.com\/fr\/wp-json\/wp\/v2\/product"}],"about":[{"href":"https:\/\/sabor-espana.com\/fr\/wp-json\/wp\/v2\/types\/product"}],"wp:featuredmedia":[{"embeddable":true,"href":"https:\/\/sabor-espana.com\/fr\/wp-json\/wp\/v2\/media\/19323"}],"wp:attachment":[{"href":"https:\/\/sabor-espana.com\/fr\/wp-json\/wp\/v2\/media?parent=15238"}],"wp:term":[{"taxonomy":"product_cat","embeddable":true,"href":"https:\/\/sabor-espana.com\/fr\/wp-json\/wp\/v2\/product_cat?post=15238"},{"taxonomy":"product_tag","embeddable":true,"href":"https:\/\/sabor-espana.com\/fr\/wp-json\/wp\/v2\/product_tag?post=15238"}],"curies":[{"name":"wp","href":"https:\/\/api.w.org\/{rel}","templated":true}]}}