{"id":15192,"date":"2024-12-05T21:17:33","date_gmt":"2024-12-05T20:17:33","guid":{"rendered":"https:\/\/sabor-espana.com\/product\/mango-banado-en-chocolate-blanco\/"},"modified":"2026-02-03T07:45:45","modified_gmt":"2026-02-03T06:45:45","slug":"mango-banado-en-chocolate-blanco","status":"publish","type":"product","link":"https:\/\/sabor-espana.com\/fr\/product\/mango-banado-en-chocolate-blanco\/","title":{"rendered":"Mangue tremp\u00e9e dans du chocolat blanc"},"content":{"rendered":"","protected":false},"excerpt":{"rendered":"<p>Une douceur exotique \u00e0 chaque bouch\u00e9e. Notre mangue enrob\u00e9e de chocolat blanc est une tentation \u00e0 laquelle vous ne pourrez pas r\u00e9sister.<\/p>\n","protected":false},"featured_media":19251,"template":"","meta":[],"product_cat":[91,85],"product_tag":[],"class_list":{"0":"post-15192","1":"product","2":"type-product","3":"status-publish","4":"has-post-thumbnail","6":"product_cat-shop-online-fr","7":"product_cat-fruits-secs","9":"first","10":"instock","11":"taxable","12":"shipping-taxable","13":"purchasable","14":"product-type-simple"},"_links":{"self":[{"href":"https:\/\/sabor-espana.com\/fr\/wp-json\/wp\/v2\/product\/15192"}],"collection":[{"href":"https:\/\/sabor-espana.com\/fr\/wp-json\/wp\/v2\/product"}],"about":[{"href":"https:\/\/sabor-espana.com\/fr\/wp-json\/wp\/v2\/types\/product"}],"wp:featuredmedia":[{"embeddable":true,"href":"https:\/\/sabor-espana.com\/fr\/wp-json\/wp\/v2\/media\/19251"}],"wp:attachment":[{"href":"https:\/\/sabor-espana.com\/fr\/wp-json\/wp\/v2\/media?parent=15192"}],"wp:term":[{"taxonomy":"product_cat","embeddable":true,"href":"https:\/\/sabor-espana.com\/fr\/wp-json\/wp\/v2\/product_cat?post=15192"},{"taxonomy":"product_tag","embeddable":true,"href":"https:\/\/sabor-espana.com\/fr\/wp-json\/wp\/v2\/product_tag?post=15192"}],"curies":[{"name":"wp","href":"https:\/\/api.w.org\/{rel}","templated":true}]}}