{"id":15189,"date":"2024-12-05T21:19:15","date_gmt":"2024-12-05T20:19:15","guid":{"rendered":"https:\/\/sabor-espana.com\/product\/pipas-banadas-en-tres-chocolates\/"},"modified":"2026-01-19T13:06:55","modified_gmt":"2026-01-19T12:06:55","slug":"pipas-banadas-en-tres-chocolates","status":"publish","type":"product","link":"https:\/\/sabor-espana.com\/fr\/product\/pipas-banadas-en-tres-chocolates\/","title":{"rendered":"Pipes tremp\u00e9es dans trois chocolats"},"content":{"rendered":"","protected":false},"excerpt":{"rendered":"<p>Trois chocolats, une exp\u00e9rience. Nos Pipes tremp\u00e9es dans Trois Chocolats sont un plaisir irr\u00e9sistible pour les amateurs de chocolat.<\/p>\n","protected":false},"featured_media":19155,"template":"","meta":[],"product_cat":[91,85],"product_tag":[],"class_list":{"0":"post-15189","1":"product","2":"type-product","3":"status-publish","4":"has-post-thumbnail","6":"product_cat-shop-online-fr","7":"product_cat-fruits-secs","9":"first","10":"instock","11":"taxable","12":"shipping-taxable","13":"purchasable","14":"product-type-simple"},"_links":{"self":[{"href":"https:\/\/sabor-espana.com\/fr\/wp-json\/wp\/v2\/product\/15189"}],"collection":[{"href":"https:\/\/sabor-espana.com\/fr\/wp-json\/wp\/v2\/product"}],"about":[{"href":"https:\/\/sabor-espana.com\/fr\/wp-json\/wp\/v2\/types\/product"}],"wp:featuredmedia":[{"embeddable":true,"href":"https:\/\/sabor-espana.com\/fr\/wp-json\/wp\/v2\/media\/19155"}],"wp:attachment":[{"href":"https:\/\/sabor-espana.com\/fr\/wp-json\/wp\/v2\/media?parent=15189"}],"wp:term":[{"taxonomy":"product_cat","embeddable":true,"href":"https:\/\/sabor-espana.com\/fr\/wp-json\/wp\/v2\/product_cat?post=15189"},{"taxonomy":"product_tag","embeddable":true,"href":"https:\/\/sabor-espana.com\/fr\/wp-json\/wp\/v2\/product_tag?post=15189"}],"curies":[{"name":"wp","href":"https:\/\/api.w.org\/{rel}","templated":true}]}}