{"id":15177,"date":"2024-12-05T21:18:18","date_gmt":"2024-12-05T20:18:18","guid":{"rendered":"https:\/\/sabor-espana.com\/product\/pistacho-caramelizado-a-la-sal\/"},"modified":"2026-04-14T14:11:09","modified_gmt":"2026-04-14T12:11:09","slug":"pistacho-caramelizado-a-la-sal","status":"publish","type":"product","link":"https:\/\/sabor-espana.com\/fr\/product\/pistacho-caramelizado-a-la-sal\/","title":{"rendered":"Pistache caram\u00e9lis\u00e9e au sel"},"content":{"rendered":"","protected":false},"excerpt":{"rendered":"<p>Nos pistaches caram\u00e9lis\u00e9es avec une touche de sel sont une exp\u00e9rience gourmande \u00e0 ne pas manquer.<\/p>\n","protected":false},"featured_media":19134,"template":"","meta":[],"product_cat":[91,85],"product_tag":[],"class_list":{"0":"post-15177","1":"product","2":"type-product","3":"status-publish","4":"has-post-thumbnail","6":"product_cat-shop-online-fr","7":"product_cat-fruits-secs","9":"first","10":"instock","11":"taxable","12":"shipping-taxable","13":"purchasable","14":"product-type-simple"},"_links":{"self":[{"href":"https:\/\/sabor-espana.com\/fr\/wp-json\/wp\/v2\/product\/15177"}],"collection":[{"href":"https:\/\/sabor-espana.com\/fr\/wp-json\/wp\/v2\/product"}],"about":[{"href":"https:\/\/sabor-espana.com\/fr\/wp-json\/wp\/v2\/types\/product"}],"wp:featuredmedia":[{"embeddable":true,"href":"https:\/\/sabor-espana.com\/fr\/wp-json\/wp\/v2\/media\/19134"}],"wp:attachment":[{"href":"https:\/\/sabor-espana.com\/fr\/wp-json\/wp\/v2\/media?parent=15177"}],"wp:term":[{"taxonomy":"product_cat","embeddable":true,"href":"https:\/\/sabor-espana.com\/fr\/wp-json\/wp\/v2\/product_cat?post=15177"},{"taxonomy":"product_tag","embeddable":true,"href":"https:\/\/sabor-espana.com\/fr\/wp-json\/wp\/v2\/product_tag?post=15177"}],"curies":[{"name":"wp","href":"https:\/\/api.w.org\/{rel}","templated":true}]}}