{"id":15175,"date":"2024-12-05T21:17:54","date_gmt":"2024-12-05T20:17:54","guid":{"rendered":"https:\/\/sabor-espana.com\/product\/cacahuete-caramelizado-a-la-sal\/"},"modified":"2026-04-14T14:13:46","modified_gmt":"2026-04-14T12:13:46","slug":"cacahuete-caramelizado-a-la-sal","status":"publish","type":"product","link":"https:\/\/sabor-espana.com\/fr\/product\/cacahuete-caramelizado-a-la-sal\/","title":{"rendered":"Cacahu\u00e8tes caram\u00e9lis\u00e9es au sel"},"content":{"rendered":"","protected":false},"excerpt":{"rendered":"<p>Sal\u00e9 et sucr\u00e9 en parfaite harmonie. Nos Cacahu\u00e8tes Caram\u00e9lis\u00e9es au Sel sont le m\u00e9lange id\u00e9al de saveurs qui sauront vous conqu\u00e9rir.<\/p>\n","protected":false},"featured_media":19125,"template":"","meta":[],"product_cat":[91,85],"product_tag":[],"class_list":{"0":"post-15175","1":"product","2":"type-product","3":"status-publish","4":"has-post-thumbnail","6":"product_cat-shop-online-fr","7":"product_cat-fruits-secs","9":"first","10":"instock","11":"taxable","12":"shipping-taxable","13":"purchasable","14":"product-type-simple"},"_links":{"self":[{"href":"https:\/\/sabor-espana.com\/fr\/wp-json\/wp\/v2\/product\/15175"}],"collection":[{"href":"https:\/\/sabor-espana.com\/fr\/wp-json\/wp\/v2\/product"}],"about":[{"href":"https:\/\/sabor-espana.com\/fr\/wp-json\/wp\/v2\/types\/product"}],"wp:featuredmedia":[{"embeddable":true,"href":"https:\/\/sabor-espana.com\/fr\/wp-json\/wp\/v2\/media\/19125"}],"wp:attachment":[{"href":"https:\/\/sabor-espana.com\/fr\/wp-json\/wp\/v2\/media?parent=15175"}],"wp:term":[{"taxonomy":"product_cat","embeddable":true,"href":"https:\/\/sabor-espana.com\/fr\/wp-json\/wp\/v2\/product_cat?post=15175"},{"taxonomy":"product_tag","embeddable":true,"href":"https:\/\/sabor-espana.com\/fr\/wp-json\/wp\/v2\/product_tag?post=15175"}],"curies":[{"name":"wp","href":"https:\/\/api.w.org\/{rel}","templated":true}]}}