{"id":15173,"date":"2024-12-05T21:17:21","date_gmt":"2024-12-05T20:17:21","guid":{"rendered":"https:\/\/sabor-espana.com\/product\/arandano-banado-en-chocolate-negro\/"},"modified":"2025-06-02T07:54:30","modified_gmt":"2025-06-02T05:54:30","slug":"arandano-banado-en-chocolate-negro","status":"publish","type":"product","link":"https:\/\/sabor-espana.com\/fr\/product\/arandano-banado-en-chocolate-negro\/","title":{"rendered":"Myrtille tremp\u00e9e dans du chocolat noir"},"content":{"rendered":"","protected":false},"excerpt":{"rendered":"<p>Douceur fruit\u00e9e avec une touche intense. Les myrtilles tremp\u00e9es dans du chocolat noir sont un plaisir irr\u00e9sistible.<\/p>\n","protected":false},"featured_media":19173,"template":"","meta":[],"product_cat":[91,85],"product_tag":[],"class_list":{"0":"post-15173","1":"product","2":"type-product","3":"status-publish","4":"has-post-thumbnail","6":"product_cat-shop-online-fr","7":"product_cat-fruits-secs","9":"first","10":"instock","11":"taxable","12":"shipping-taxable","13":"purchasable","14":"product-type-simple"},"_links":{"self":[{"href":"https:\/\/sabor-espana.com\/fr\/wp-json\/wp\/v2\/product\/15173"}],"collection":[{"href":"https:\/\/sabor-espana.com\/fr\/wp-json\/wp\/v2\/product"}],"about":[{"href":"https:\/\/sabor-espana.com\/fr\/wp-json\/wp\/v2\/types\/product"}],"wp:featuredmedia":[{"embeddable":true,"href":"https:\/\/sabor-espana.com\/fr\/wp-json\/wp\/v2\/media\/19173"}],"wp:attachment":[{"href":"https:\/\/sabor-espana.com\/fr\/wp-json\/wp\/v2\/media?parent=15173"}],"wp:term":[{"taxonomy":"product_cat","embeddable":true,"href":"https:\/\/sabor-espana.com\/fr\/wp-json\/wp\/v2\/product_cat?post=15173"},{"taxonomy":"product_tag","embeddable":true,"href":"https:\/\/sabor-espana.com\/fr\/wp-json\/wp\/v2\/product_tag?post=15173"}],"curies":[{"name":"wp","href":"https:\/\/api.w.org\/{rel}","templated":true}]}}