{"id":15168,"date":"2024-12-05T21:16:57","date_gmt":"2024-12-05T20:16:57","guid":{"rendered":"https:\/\/sabor-espana.com\/product\/pistacho-banado-en-chocolate-con-leche\/"},"modified":"2026-01-19T13:05:14","modified_gmt":"2026-01-19T12:05:14","slug":"pistacho-banado-en-chocolate-con-leche","status":"publish","type":"product","link":"https:\/\/sabor-espana.com\/fr\/product\/pistacho-banado-en-chocolate-con-leche\/","title":{"rendered":"Pistache tremp\u00e9e dans du chocolat au lait"},"content":{"rendered":"","protected":false},"excerpt":{"rendered":"<p>Pistaches et chocolat, la combinaison parfaite. Doux, sucr\u00e9 et croquant \u00e0 chaque bouch\u00e9e.<\/p>\n","protected":false},"featured_media":19149,"template":"","meta":[],"product_cat":[91,85],"product_tag":[],"class_list":{"0":"post-15168","1":"product","2":"type-product","3":"status-publish","4":"has-post-thumbnail","6":"product_cat-shop-online-fr","7":"product_cat-fruits-secs","9":"first","10":"instock","11":"taxable","12":"shipping-taxable","13":"purchasable","14":"product-type-simple"},"_links":{"self":[{"href":"https:\/\/sabor-espana.com\/fr\/wp-json\/wp\/v2\/product\/15168"}],"collection":[{"href":"https:\/\/sabor-espana.com\/fr\/wp-json\/wp\/v2\/product"}],"about":[{"href":"https:\/\/sabor-espana.com\/fr\/wp-json\/wp\/v2\/types\/product"}],"wp:featuredmedia":[{"embeddable":true,"href":"https:\/\/sabor-espana.com\/fr\/wp-json\/wp\/v2\/media\/19149"}],"wp:attachment":[{"href":"https:\/\/sabor-espana.com\/fr\/wp-json\/wp\/v2\/media?parent=15168"}],"wp:term":[{"taxonomy":"product_cat","embeddable":true,"href":"https:\/\/sabor-espana.com\/fr\/wp-json\/wp\/v2\/product_cat?post=15168"},{"taxonomy":"product_tag","embeddable":true,"href":"https:\/\/sabor-espana.com\/fr\/wp-json\/wp\/v2\/product_tag?post=15168"}],"curies":[{"name":"wp","href":"https:\/\/api.w.org\/{rel}","templated":true}]}}