{"id":15163,"date":"2024-12-05T21:16:29","date_gmt":"2024-12-05T20:16:29","guid":{"rendered":"https:\/\/sabor-espana.com\/product\/nuez-pecan-garrapinada\/"},"modified":"2025-09-01T08:59:07","modified_gmt":"2025-09-01T06:59:07","slug":"nuez-pecan-garrapinada","status":"publish","type":"product","link":"https:\/\/sabor-espana.com\/fr\/product\/nuez-pecan-garrapinada\/","title":{"rendered":"Noix de p\u00e9can caram\u00e9lis\u00e9es"},"content":{"rendered":"","protected":false},"excerpt":{"rendered":"<p>Douceur et \u00e9l\u00e9gance \u00e0 chaque bouch\u00e9e. Nos noix de p\u00e9can caram\u00e9lis\u00e9es sont un v\u00e9ritable d\u00e9lice.<\/p>\n","protected":false},"featured_media":19345,"template":"","meta":[],"product_cat":[91,106],"product_tag":[],"class_list":{"0":"post-15163","1":"product","2":"type-product","3":"status-publish","4":"has-post-thumbnail","6":"product_cat-shop-online-fr","7":"product_cat-sucre","9":"first","10":"instock","11":"taxable","12":"shipping-taxable","13":"purchasable","14":"product-type-simple"},"_links":{"self":[{"href":"https:\/\/sabor-espana.com\/fr\/wp-json\/wp\/v2\/product\/15163"}],"collection":[{"href":"https:\/\/sabor-espana.com\/fr\/wp-json\/wp\/v2\/product"}],"about":[{"href":"https:\/\/sabor-espana.com\/fr\/wp-json\/wp\/v2\/types\/product"}],"wp:featuredmedia":[{"embeddable":true,"href":"https:\/\/sabor-espana.com\/fr\/wp-json\/wp\/v2\/media\/19345"}],"wp:attachment":[{"href":"https:\/\/sabor-espana.com\/fr\/wp-json\/wp\/v2\/media?parent=15163"}],"wp:term":[{"taxonomy":"product_cat","embeddable":true,"href":"https:\/\/sabor-espana.com\/fr\/wp-json\/wp\/v2\/product_cat?post=15163"},{"taxonomy":"product_tag","embeddable":true,"href":"https:\/\/sabor-espana.com\/fr\/wp-json\/wp\/v2\/product_tag?post=15163"}],"curies":[{"name":"wp","href":"https:\/\/api.w.org\/{rel}","templated":true}]}}