{"id":15161,"date":"2024-12-05T21:16:18","date_gmt":"2024-12-05T20:16:18","guid":{"rendered":"https:\/\/sabor-espana.com\/product\/pistacho-garrapinado\/"},"modified":"2025-10-17T10:03:54","modified_gmt":"2025-10-17T08:03:54","slug":"pistacho-garrapinado","status":"publish","type":"product","link":"https:\/\/sabor-espana.com\/fr\/product\/pistacho-garrapinado\/","title":{"rendered":"Pistache caram\u00e9lis\u00e9e"},"content":{"rendered":"","protected":false},"excerpt":{"rendered":"<p>Les pistaches r\u00e9invent\u00e9es. Nos pistaches sucr\u00e9es allient une saveur grill\u00e9e \u00e0 une touche sucr\u00e9e unique.<\/p>\n","protected":false},"featured_media":19116,"template":"","meta":[],"product_cat":[91,106],"product_tag":[],"class_list":{"0":"post-15161","1":"product","2":"type-product","3":"status-publish","4":"has-post-thumbnail","6":"product_cat-shop-online-fr","7":"product_cat-sucre","9":"first","10":"instock","11":"taxable","12":"shipping-taxable","13":"purchasable","14":"product-type-simple"},"_links":{"self":[{"href":"https:\/\/sabor-espana.com\/fr\/wp-json\/wp\/v2\/product\/15161"}],"collection":[{"href":"https:\/\/sabor-espana.com\/fr\/wp-json\/wp\/v2\/product"}],"about":[{"href":"https:\/\/sabor-espana.com\/fr\/wp-json\/wp\/v2\/types\/product"}],"wp:featuredmedia":[{"embeddable":true,"href":"https:\/\/sabor-espana.com\/fr\/wp-json\/wp\/v2\/media\/19116"}],"wp:attachment":[{"href":"https:\/\/sabor-espana.com\/fr\/wp-json\/wp\/v2\/media?parent=15161"}],"wp:term":[{"taxonomy":"product_cat","embeddable":true,"href":"https:\/\/sabor-espana.com\/fr\/wp-json\/wp\/v2\/product_cat?post=15161"},{"taxonomy":"product_tag","embeddable":true,"href":"https:\/\/sabor-espana.com\/fr\/wp-json\/wp\/v2\/product_tag?post=15161"}],"curies":[{"name":"wp","href":"https:\/\/api.w.org\/{rel}","templated":true}]}}