{"id":15159,"date":"2024-12-05T21:16:07","date_gmt":"2024-12-05T20:16:07","guid":{"rendered":"https:\/\/sabor-espana.com\/product\/anacardo-garrapinado\/"},"modified":"2025-10-17T10:06:28","modified_gmt":"2025-10-17T08:06:28","slug":"anacardo-garrapinado","status":"publish","type":"product","link":"https:\/\/sabor-espana.com\/fr\/product\/anacardo-garrapinado\/","title":{"rendered":"Noix de cajou sucr\u00e9e"},"content":{"rendered":"","protected":false},"excerpt":{"rendered":"<p>Une touche sucr\u00e9e pour une noix de qualit\u00e9 sup\u00e9rieure. Nos noix de cajou sucr\u00e9es sont le m\u00e9lange parfait de douceur et de croquant.<\/p>\n","protected":false},"featured_media":19101,"template":"","meta":[],"product_cat":[91,106],"product_tag":[],"class_list":{"0":"post-15159","1":"product","2":"type-product","3":"status-publish","4":"has-post-thumbnail","6":"product_cat-shop-online-fr","7":"product_cat-sucre","9":"first","10":"instock","11":"taxable","12":"shipping-taxable","13":"purchasable","14":"product-type-simple"},"_links":{"self":[{"href":"https:\/\/sabor-espana.com\/fr\/wp-json\/wp\/v2\/product\/15159"}],"collection":[{"href":"https:\/\/sabor-espana.com\/fr\/wp-json\/wp\/v2\/product"}],"about":[{"href":"https:\/\/sabor-espana.com\/fr\/wp-json\/wp\/v2\/types\/product"}],"wp:featuredmedia":[{"embeddable":true,"href":"https:\/\/sabor-espana.com\/fr\/wp-json\/wp\/v2\/media\/19101"}],"wp:attachment":[{"href":"https:\/\/sabor-espana.com\/fr\/wp-json\/wp\/v2\/media?parent=15159"}],"wp:term":[{"taxonomy":"product_cat","embeddable":true,"href":"https:\/\/sabor-espana.com\/fr\/wp-json\/wp\/v2\/product_cat?post=15159"},{"taxonomy":"product_tag","embeddable":true,"href":"https:\/\/sabor-espana.com\/fr\/wp-json\/wp\/v2\/product_tag?post=15159"}],"curies":[{"name":"wp","href":"https:\/\/api.w.org\/{rel}","templated":true}]}}