{"id":15157,"date":"2024-12-05T21:15:56","date_gmt":"2024-12-05T20:15:56","guid":{"rendered":"https:\/\/sabor-espana.com\/product\/cacahuete-garrapinado\/"},"modified":"2025-09-25T10:03:04","modified_gmt":"2025-09-25T08:03:04","slug":"cacahuete-garrapinado","status":"publish","type":"product","link":"https:\/\/sabor-espana.com\/fr\/product\/cacahuete-garrapinado\/","title":{"rendered":"Cacahu\u00e8te sucr\u00e9e"},"content":{"rendered":"","protected":false},"excerpt":{"rendered":"<p>Un classique irr\u00e9sistible. Nos cacahu\u00e8tes sucr\u00e9es sont sucr\u00e9es, croquantes et pleines de saveur.<\/p>\n","protected":false},"featured_media":19107,"template":"","meta":[],"product_cat":[91,106],"product_tag":[],"class_list":{"0":"post-15157","1":"product","2":"type-product","3":"status-publish","4":"has-post-thumbnail","6":"product_cat-shop-online-fr","7":"product_cat-sucre","9":"first","10":"instock","11":"taxable","12":"shipping-taxable","13":"purchasable","14":"product-type-simple"},"_links":{"self":[{"href":"https:\/\/sabor-espana.com\/fr\/wp-json\/wp\/v2\/product\/15157"}],"collection":[{"href":"https:\/\/sabor-espana.com\/fr\/wp-json\/wp\/v2\/product"}],"about":[{"href":"https:\/\/sabor-espana.com\/fr\/wp-json\/wp\/v2\/types\/product"}],"wp:featuredmedia":[{"embeddable":true,"href":"https:\/\/sabor-espana.com\/fr\/wp-json\/wp\/v2\/media\/19107"}],"wp:attachment":[{"href":"https:\/\/sabor-espana.com\/fr\/wp-json\/wp\/v2\/media?parent=15157"}],"wp:term":[{"taxonomy":"product_cat","embeddable":true,"href":"https:\/\/sabor-espana.com\/fr\/wp-json\/wp\/v2\/product_cat?post=15157"},{"taxonomy":"product_tag","embeddable":true,"href":"https:\/\/sabor-espana.com\/fr\/wp-json\/wp\/v2\/product_tag?post=15157"}],"curies":[{"name":"wp","href":"https:\/\/api.w.org\/{rel}","templated":true}]}}