{"id":1278,"date":"2024-04-23T09:41:09","date_gmt":"2024-04-23T07:41:09","guid":{"rendered":"https:\/\/sabor-espana.desarrollando-web.es\/producto\/cadeau-saveurs-uniques\/"},"modified":"2025-11-24T11:17:04","modified_gmt":"2025-11-24T10:17:04","slug":"cadeau-saveurs-uniques","status":"publish","type":"product","link":"https:\/\/sabor-espana.com\/fr\/product\/cadeau-saveurs-uniques\/","title":{"rendered":"Cadeau \u00ab\u00a0Saveurs uniques\u00a0\u00bb"},"content":{"rendered":"","protected":false},"excerpt":{"rendered":"<p>Le panier qui illumine vos festivit\u00e9s. Surprenez vos proches avec le meilleur nougat et une s\u00e9lection de noix qui ajouteront une touche sp\u00e9ciale \u00e0 vos c\u00e9l\u00e9brations.<\/p>\n","protected":false},"featured_media":24816,"template":"","meta":[],"product_cat":[],"product_tag":[],"class_list":{"0":"post-1278","1":"product","2":"type-product","3":"status-publish","4":"has-post-thumbnail","7":"first","8":"instock","9":"taxable","10":"shipping-taxable","11":"purchasable","12":"product-type-simple"},"_links":{"self":[{"href":"https:\/\/sabor-espana.com\/fr\/wp-json\/wp\/v2\/product\/1278"}],"collection":[{"href":"https:\/\/sabor-espana.com\/fr\/wp-json\/wp\/v2\/product"}],"about":[{"href":"https:\/\/sabor-espana.com\/fr\/wp-json\/wp\/v2\/types\/product"}],"wp:featuredmedia":[{"embeddable":true,"href":"https:\/\/sabor-espana.com\/fr\/wp-json\/wp\/v2\/media\/24816"}],"wp:attachment":[{"href":"https:\/\/sabor-espana.com\/fr\/wp-json\/wp\/v2\/media?parent=1278"}],"wp:term":[{"taxonomy":"product_cat","embeddable":true,"href":"https:\/\/sabor-espana.com\/fr\/wp-json\/wp\/v2\/product_cat?post=1278"},{"taxonomy":"product_tag","embeddable":true,"href":"https:\/\/sabor-espana.com\/fr\/wp-json\/wp\/v2\/product_tag?post=1278"}],"curies":[{"name":"wp","href":"https:\/\/api.w.org\/{rel}","templated":true}]}}