{"id":1236,"date":"2024-04-23T09:41:09","date_gmt":"2024-04-23T07:41:09","guid":{"rendered":"https:\/\/sabor-espana.desarrollando-web.es\/producto\/assortiment-de-pates-de-viande\/"},"modified":"2026-04-15T09:55:02","modified_gmt":"2026-04-15T07:55:02","slug":"assortiment-de-pates-de-viande","status":"publish","type":"product","link":"https:\/\/sabor-espana.com\/fr\/product\/assortiment-de-pates-de-viande\/","title":{"rendered":"Assortiment de p\u00e2t\u00e9s de viande"},"content":{"rendered":"","protected":false},"excerpt":{"rendered":"<p>Assortiment de p\u00e2t\u00e9s de viande aux saveurs telles que le boudin noir aux pignons de pin, la perdrix et le cerf Pedro Xim\u00e9nez.<\/p>\n","protected":false},"featured_media":19233,"template":"","meta":[],"product_cat":[91,102,108],"product_tag":[],"class_list":{"0":"post-1236","1":"product","2":"type-product","3":"status-publish","4":"has-post-thumbnail","6":"product_cat-shop-online-fr","7":"product_cat-assorti","8":"product_cat-epicerie","10":"first","11":"instock","12":"taxable","13":"shipping-taxable","14":"purchasable","15":"product-type-simple"},"_links":{"self":[{"href":"https:\/\/sabor-espana.com\/fr\/wp-json\/wp\/v2\/product\/1236"}],"collection":[{"href":"https:\/\/sabor-espana.com\/fr\/wp-json\/wp\/v2\/product"}],"about":[{"href":"https:\/\/sabor-espana.com\/fr\/wp-json\/wp\/v2\/types\/product"}],"wp:featuredmedia":[{"embeddable":true,"href":"https:\/\/sabor-espana.com\/fr\/wp-json\/wp\/v2\/media\/19233"}],"wp:attachment":[{"href":"https:\/\/sabor-espana.com\/fr\/wp-json\/wp\/v2\/media?parent=1236"}],"wp:term":[{"taxonomy":"product_cat","embeddable":true,"href":"https:\/\/sabor-espana.com\/fr\/wp-json\/wp\/v2\/product_cat?post=1236"},{"taxonomy":"product_tag","embeddable":true,"href":"https:\/\/sabor-espana.com\/fr\/wp-json\/wp\/v2\/product_tag?post=1236"}],"curies":[{"name":"wp","href":"https:\/\/api.w.org\/{rel}","templated":true}]}}