{"id":1204,"date":"2024-04-23T09:41:09","date_gmt":"2024-04-23T07:41:09","guid":{"rendered":"https:\/\/sabor-espana.desarrollando-web.es\/producto\/assortiment-de-portions-de-nougat-dur\/"},"modified":"2026-04-15T10:09:43","modified_gmt":"2026-04-15T08:09:43","slug":"assortiment-de-portions-de-nougat-dur","status":"publish","type":"product","link":"https:\/\/sabor-espana.com\/fr\/product\/assortiment-de-portions-de-nougat-dur\/","title":{"rendered":"Assortiment de portions de nougat dur"},"content":{"rendered":"","protected":false},"excerpt":{"rendered":"<p><span style=\"font-family: Calibri, sans-serif;font-size: 12pt\">Assortiment de portions de nougat dur aux ar\u00f4mes tels que l&rsquo;amande, l&rsquo;amande gaufr\u00e9e, la pistache et la cacahu\u00e8te.<\/span><\/p>\n","protected":false},"featured_media":19200,"template":"","meta":[],"product_cat":[91,102,88],"product_tag":[],"class_list":{"0":"post-1204","1":"product","2":"type-product","3":"status-publish","4":"has-post-thumbnail","6":"product_cat-shop-online-fr","7":"product_cat-assorti","8":"product_cat-tourons","10":"first","11":"instock","12":"taxable","13":"shipping-taxable","14":"purchasable","15":"product-type-simple"},"_links":{"self":[{"href":"https:\/\/sabor-espana.com\/fr\/wp-json\/wp\/v2\/product\/1204"}],"collection":[{"href":"https:\/\/sabor-espana.com\/fr\/wp-json\/wp\/v2\/product"}],"about":[{"href":"https:\/\/sabor-espana.com\/fr\/wp-json\/wp\/v2\/types\/product"}],"wp:featuredmedia":[{"embeddable":true,"href":"https:\/\/sabor-espana.com\/fr\/wp-json\/wp\/v2\/media\/19200"}],"wp:attachment":[{"href":"https:\/\/sabor-espana.com\/fr\/wp-json\/wp\/v2\/media?parent=1204"}],"wp:term":[{"taxonomy":"product_cat","embeddable":true,"href":"https:\/\/sabor-espana.com\/fr\/wp-json\/wp\/v2\/product_cat?post=1204"},{"taxonomy":"product_tag","embeddable":true,"href":"https:\/\/sabor-espana.com\/fr\/wp-json\/wp\/v2\/product_tag?post=1204"}],"curies":[{"name":"wp","href":"https:\/\/api.w.org\/{rel}","templated":true}]}}