{"id":1187,"date":"2024-04-23T09:41:08","date_gmt":"2024-04-23T07:41:08","guid":{"rendered":"https:\/\/sabor-espana.desarrollando-web.es\/producto\/assortiment-dhuiles-dolive-extra-vierges\/"},"modified":"2025-07-23T07:44:22","modified_gmt":"2025-07-23T05:44:22","slug":"assortiment-dhuiles-dolive-extra-vierges","status":"publish","type":"product","link":"https:\/\/sabor-espana.com\/fr\/product\/assortiment-dhuiles-dolive-extra-vierges\/","title":{"rendered":"Assortiment d&rsquo;huiles d&rsquo;olive extra vierges"},"content":{"rendered":"","protected":false},"excerpt":{"rendered":"<p>Assortiment d&rsquo;huiles d&rsquo;olive extra vierge de haute qualit\u00e9, comprenant les vari\u00e9t\u00e9s arbosana, picual et arbequina.<\/p>\n","protected":false},"featured_media":19179,"template":"","meta":[],"product_cat":[91,102],"product_tag":[],"class_list":{"0":"post-1187","1":"product","2":"type-product","3":"status-publish","4":"has-post-thumbnail","6":"product_cat-shop-online-fr","7":"product_cat-assorti","9":"first","10":"instock","11":"taxable","12":"shipping-taxable","13":"purchasable","14":"product-type-simple"},"_links":{"self":[{"href":"https:\/\/sabor-espana.com\/fr\/wp-json\/wp\/v2\/product\/1187"}],"collection":[{"href":"https:\/\/sabor-espana.com\/fr\/wp-json\/wp\/v2\/product"}],"about":[{"href":"https:\/\/sabor-espana.com\/fr\/wp-json\/wp\/v2\/types\/product"}],"wp:featuredmedia":[{"embeddable":true,"href":"https:\/\/sabor-espana.com\/fr\/wp-json\/wp\/v2\/media\/19179"}],"wp:attachment":[{"href":"https:\/\/sabor-espana.com\/fr\/wp-json\/wp\/v2\/media?parent=1187"}],"wp:term":[{"taxonomy":"product_cat","embeddable":true,"href":"https:\/\/sabor-espana.com\/fr\/wp-json\/wp\/v2\/product_cat?post=1187"},{"taxonomy":"product_tag","embeddable":true,"href":"https:\/\/sabor-espana.com\/fr\/wp-json\/wp\/v2\/product_tag?post=1187"}],"curies":[{"name":"wp","href":"https:\/\/api.w.org\/{rel}","templated":true}]}}