{"id":1142,"date":"2024-04-23T09:41:08","date_gmt":"2024-04-23T07:41:08","guid":{"rendered":"https:\/\/sabor-espana.desarrollando-web.es\/producto\/assortiment-de-tablettes-classiques\/"},"modified":"2026-03-20T12:05:39","modified_gmt":"2026-03-20T11:05:39","slug":"assortiment-de-tablettes-classiques","status":"publish","type":"product","link":"https:\/\/sabor-espana.com\/fr\/product\/assortiment-de-tablettes-classiques\/","title":{"rendered":"Assortiment de tablettes classiques"},"content":{"rendered":"","protected":false},"excerpt":{"rendered":"<p>Quatre vari\u00e9t\u00e9s de nougat artisanal dans un seul \u00e9chantillon.<\/p>\n","protected":false},"featured_media":19314,"template":"","meta":[],"product_cat":[91,102,88],"product_tag":[],"class_list":{"0":"post-1142","1":"product","2":"type-product","3":"status-publish","4":"has-post-thumbnail","6":"product_cat-shop-online-fr","7":"product_cat-assorti","8":"product_cat-tourons","10":"first","11":"instock","12":"taxable","13":"shipping-taxable","14":"purchasable","15":"product-type-simple"},"_links":{"self":[{"href":"https:\/\/sabor-espana.com\/fr\/wp-json\/wp\/v2\/product\/1142"}],"collection":[{"href":"https:\/\/sabor-espana.com\/fr\/wp-json\/wp\/v2\/product"}],"about":[{"href":"https:\/\/sabor-espana.com\/fr\/wp-json\/wp\/v2\/types\/product"}],"wp:featuredmedia":[{"embeddable":true,"href":"https:\/\/sabor-espana.com\/fr\/wp-json\/wp\/v2\/media\/19314"}],"wp:attachment":[{"href":"https:\/\/sabor-espana.com\/fr\/wp-json\/wp\/v2\/media?parent=1142"}],"wp:term":[{"taxonomy":"product_cat","embeddable":true,"href":"https:\/\/sabor-espana.com\/fr\/wp-json\/wp\/v2\/product_cat?post=1142"},{"taxonomy":"product_tag","embeddable":true,"href":"https:\/\/sabor-espana.com\/fr\/wp-json\/wp\/v2\/product_tag?post=1142"}],"curies":[{"name":"wp","href":"https:\/\/api.w.org\/{rel}","templated":true}]}}