{"id":346,"date":"2024-02-21T08:24:43","date_gmt":"2024-02-21T07:24:43","guid":{"rendered":"https:\/\/sabor-espana.desarrollando-web.es\/?page_id=346"},"modified":"2024-04-12T11:50:50","modified_gmt":"2024-04-12T09:50:50","slug":"avis-juridique","status":"publish","type":"page","link":"https:\/\/sabor-espana.com\/fr\/avis-juridique\/","title":{"rendered":"Avis Juridique"},"content":{"rendered":"<section class=\"block-adaptableRow \">\n    <div class=\"desktop-width\">\n        \n\n<h2 class=\"wp-block-heading\">TITULARIT\u00c9<\/h2>\n\n\n\n<p>PALS ET HIJOS IMPORT, S.L., (ci-apr\u00e8s \u00ab\u00a0Sabor a Espa\u00f1a\u00a0\u00bb), domicili\u00e9e \u00e0 Diseminado Nacional 331,10, 14900 Lucena, C\u00f3rdoba, et CIFB-14877468, met \u00e0 disposition sur son site web www.sabor-espana.com certains contenus informatifs sur ses activit\u00e9s.<\/p>\n\n\n\n<h2 class=\"wp-block-heading\">OBJET<\/h2>\n\n\n\n<p>Les Conditions G\u00e9n\u00e9rales incluses dans ce document r\u00e9gissent l&rsquo;utilisation du site web (ci-apr\u00e8s, le \u00ab\u00a0Site Web\u00a0\u00bb), y compris les contenus et ressources mis \u00e0 disposition de l&rsquo;utilisateur (\u00ab\u00a0Utilisateur\u00a0\u00bb) \u00e0 travers celui-ci. Toute personne utilisant ce Site Web sera consid\u00e9r\u00e9e comme Utilisateur et accepte de se soumettre aux Conditions G\u00e9n\u00e9rales en vigueur \u00e0 chaque fois qu&rsquo;elle y acc\u00e8de. Par cons\u00e9quent, l&rsquo;Utilisateur doit lire attentivement les Conditions G\u00e9n\u00e9rales chaque fois qu&rsquo;il envisage d&rsquo;utiliser ce Site Web. Si l&rsquo;Utilisateur n&rsquo;est pas d&rsquo;accord avec l&rsquo;une quelconque des conditions \u00e9nonc\u00e9es ici, il doit s&rsquo;abstenir d&rsquo;utiliser ce Site Web.<\/p>\n\n\n\n<p>L&rsquo;Utilisateur est conscient et accepte volontairement et express\u00e9ment que l&rsquo;utilisation de ce Site Web se fait en tout cas sous sa seule et exclusive responsabilit\u00e9.<\/p>\n\n\n\n<h2 class=\"wp-block-heading\">RESPONSABILIT\u00c9<\/h2>\n\n\n\n<p>Sabor a Espa\u00f1a ne garantit pas l&rsquo;acc\u00e8s continu, ni la visualisation correcte, le t\u00e9l\u00e9chargement ou l&rsquo;utilit\u00e9 des \u00e9l\u00e9ments et informations contenus sur les pages du site Web, qui peuvent \u00eatre emp\u00each\u00e9s, rendus difficiles ou interrompus par des facteurs ou circonstances hors de son contr\u00f4le.<\/p>\n\n\n\n<p>Sabor a Espa\u00f1a n&rsquo;est pas responsable des d\u00e9cisions qui pourraient \u00eatre prises \u00e0 la suite de l&rsquo;acc\u00e8s aux contenus ou informations offerts.<\/p>\n\n\n\n<p>Sabor a Espa\u00f1a pourra interrompre le service ou mettre fin imm\u00e9diatement \u00e0 la relation avec l&rsquo;Utilisateur s&rsquo;il constate qu&rsquo;une utilisation de son Site Web ou de l&rsquo;un des services offerts sur celui-ci est contraire aux pr\u00e9sentes Conditions G\u00e9n\u00e9rales d&rsquo;Utilisation. Sabor a Espa\u00f1a n&rsquo;est pas responsable des dommages, pertes, r\u00e9clamations ou d\u00e9penses d\u00e9coulant de l&rsquo;utilisation du Site Web. Il sera uniquement responsable de supprimer, d\u00e8s que possible, les contenus susceptibles de causer de tels dommages, \u00e0 condition qu&rsquo;il en soit inform\u00e9. En particulier, il ne sera pas responsable des dommages pouvant r\u00e9sulter, entre autres, de :<\/p>\n\n\n\n<p>Interf\u00e9rences, interruptions, pannes, omissions, pannes t\u00e9l\u00e9phoniques, retards, blocages ou d\u00e9connexions dans le fonctionnement du syst\u00e8me \u00e9lectronique, caus\u00e9s par des d\u00e9fauts, des surcharges et des erreurs dans les lignes et r\u00e9seaux de t\u00e9l\u00e9communications, ou pour toute autre cause \u00e9chappant au contr\u00f4le de Sabor a Espa\u00f1a.<\/p>\n\n\n\n<p>Intrusions ill\u00e9gitimes par l&rsquo;utilisation de programmes malveillants de toute nature et par tout moyen de communication, tels que des virus informatiques ou autres.<\/p>\n\n\n\n<p>Mauvaise utilisation ou utilisation inappropri\u00e9e du Site Web.<\/p>\n\n\n\n<p>Erreurs de s\u00e9curit\u00e9 ou de navigation caus\u00e9es par un dysfonctionnement du navigateur ou par l&rsquo;utilisation de versions non mises \u00e0 jour de celui-ci. Les administrateurs de Sabor a Espa\u00f1a se r\u00e9servent le droit de retirer, en totalit\u00e9 ou en partie, tout contenu ou information pr\u00e9sente sur le Site Web.<\/p>\n\n\n\n<p>Sabor a Espa\u00f1a exclut toute responsabilit\u00e9 pour les dommages de toute nature pouvant r\u00e9sulter de l&rsquo;utilisation incorrecte des services \u00e0 disposition des Utilisateurs du Site Web. De m\u00eame, Sabor a Espa\u00f1a est exon\u00e9r\u00e9 de toute responsabilit\u00e9 pour le contenu et les informations pouvant \u00eatre re\u00e7us \u00e0 la suite des formulaires de collecte de donn\u00e9es, ces derniers \u00e9tant uniquement destin\u00e9s \u00e0 la fourniture de services de consultations et de doutes. Par ailleurs, en cas de dommages caus\u00e9s par une utilisation illicite ou incorrecte de ces services, l&rsquo;Utilisateur pourra \u00eatre r\u00e9clam\u00e9 par Sabor a Espa\u00f1a pour les dommages caus\u00e9s.<\/p>\n\n\n\n<p>Vous d\u00e9fendrez, indemniserez et tiendrez Sabor a Espa\u00f1a indemne de tout dommage r\u00e9sultant de r\u00e9clamations, actions ou demandes de tiers cons\u00e9cutifs \u00e0 votre acc\u00e8s ou utilisation du Site Web. De m\u00eame, vous vous engagez \u00e0 indemniser Sabor a Espa\u00f1a de tout dommage r\u00e9sultant de votre utilisation de robots ou d&rsquo;outils similaires utilis\u00e9s pour recueillir ou extraire des donn\u00e9es, ou de toute autre action de votre part imposant une charge d\u00e9raisonnable sur le fonctionnement du Site Web.<\/p>\n\n\n\n<h2 class=\"wp-block-heading\">CONFIDENTIALIT\u00c9 ET TRAITEMENT DES DONN\u00c9ES<\/h2>\n\n\n\n<p>Lorsque l&rsquo;acc\u00e8s \u00e0 certains contenus ou services n\u00e9cessite la fourniture de donn\u00e9es personnelles, les Utilisateurs garantiront leur v\u00e9racit\u00e9, exactitude, authenticit\u00e9 et actualit\u00e9. Sabor a Espa\u00f1a traitera ces donn\u00e9es de mani\u00e8re automatis\u00e9e en fonction de leur nature ou de leur finalit\u00e9, comme indiqu\u00e9 dans la section Politique de Confidentialit\u00e9.<\/p>\n\n\n\n<h2 class=\"wp-block-heading\">PROPRI\u00c9T\u00c9 INDUSTRIELLE ET INTELLECTUELLE<\/h2>\n\n\n\n<p>Ce Site Web est la propri\u00e9t\u00e9 de Sabor a Espa\u00f1a. Les droits de propri\u00e9t\u00e9 intellectuelle et les droits d&rsquo;exploitation et de reproduction de ce Site Web, de ses pages, \u00e9crans, les informations qu&rsquo;ils contiennent, leur apparence et leur design, ainsi que les liens \u00e9tablis depuis celui-ci vers d&rsquo;autres pages Web sont la propri\u00e9t\u00e9 exclusive de celui-ci, sauf indication contraire. Toute utilisation abusive des d\u00e9nominations, conceptions et\/ou logos composant cette page par toute personne autre que son v\u00e9ritable propri\u00e9taire pourra \u00eatre poursuivie conform\u00e9ment \u00e0 la l\u00e9gislation en vigueur. Les droits de propri\u00e9t\u00e9 intellectuelle et les marques de tiers sont clairement indiqu\u00e9s et doivent \u00eatre respect\u00e9s par tous ceux qui acc\u00e8dent au Site Web. Le t\u00e9l\u00e9chargement des contenus, la copie ou l&rsquo;impression de toute page de ce Site Web sont autoris\u00e9s uniquement pour un usage personnel et priv\u00e9. Il est interdit de reproduire, transmettre, modifier ou supprimer les informations, le contenu ou les avertissements de ce Site Web sans l&rsquo;autorisation \u00e9crite pr\u00e9alable de Sabor a Espa\u00f1a.<\/p>\n\n\n\n<h2 class=\"wp-block-heading\">MODIFICATION DES PR\u00c9SENTES CONDITIONS ET DUR\u00c9E<\/h2>\n\n\n\n<p>Sabor a Espa\u00f1a pourra modifier unilat\u00e9ralement et sans pr\u00e9avis, chaque fois qu&rsquo;il le jugera n\u00e9cessaire, la structure et le design du Site Web, ainsi que modifier ou supprimer les services, les contenus et ces Conditions G\u00e9n\u00e9rales.<\/p>\n\n\n\n<p>Ces Conditions G\u00e9n\u00e9rales resteront en vigueur jusqu&rsquo;\u00e0 ce qu&rsquo;elles soient modifi\u00e9es par d&rsquo;autres d\u00fbment publi\u00e9es.<\/p>\n\n\n\n<h2 class=\"wp-block-heading\">LOI APPLICABLE<\/h2>\n\n\n\n<p>Les pr\u00e9sentes conditions g\u00e9n\u00e9rales, ainsi que l&rsquo;utilisation du Site Web, seront r\u00e9gies par la l\u00e9gislation espagnole. Tout litige sera port\u00e9 devant les tribunaux comp\u00e9tents.<\/p>\n\n\n    <\/div>\n<\/section>","protected":false},"excerpt":{"rendered":"","protected":false},"author":1,"featured_media":0,"parent":0,"menu_order":0,"comment_status":"closed","ping_status":"closed","template":"","meta":{"footnotes":""},"class_list":["post-346","page","type-page","status-publish","hentry"],"_links":{"self":[{"href":"https:\/\/sabor-espana.com\/fr\/wp-json\/wp\/v2\/pages\/346"}],"collection":[{"href":"https:\/\/sabor-espana.com\/fr\/wp-json\/wp\/v2\/pages"}],"about":[{"href":"https:\/\/sabor-espana.com\/fr\/wp-json\/wp\/v2\/types\/page"}],"author":[{"embeddable":true,"href":"https:\/\/sabor-espana.com\/fr\/wp-json\/wp\/v2\/users\/1"}],"replies":[{"embeddable":true,"href":"https:\/\/sabor-espana.com\/fr\/wp-json\/wp\/v2\/comments?post=346"}],"version-history":[{"count":2,"href":"https:\/\/sabor-espana.com\/fr\/wp-json\/wp\/v2\/pages\/346\/revisions"}],"predecessor-version":[{"id":1002,"href":"https:\/\/sabor-espana.com\/fr\/wp-json\/wp\/v2\/pages\/346\/revisions\/1002"}],"wp:attachment":[{"href":"https:\/\/sabor-espana.com\/fr\/wp-json\/wp\/v2\/media?parent=346"}],"curies":[{"name":"wp","href":"https:\/\/api.w.org\/{rel}","templated":true}]}}