{"id":339,"date":"2024-02-21T08:23:30","date_gmt":"2024-02-21T07:23:30","guid":{"rendered":"https:\/\/sabor-espana.desarrollando-web.es\/?page_id=339"},"modified":"2024-04-12T11:58:55","modified_gmt":"2024-04-12T09:58:55","slug":"cookies-2","status":"publish","type":"page","link":"https:\/\/sabor-espana.com\/fr\/cookies-2\/","title":{"rendered":"Cookies"},"content":{"rendered":"<section class=\"block-adaptableRow \">\n    <div class=\"desktop-width\">\n        \n\n<h2 class=\"wp-block-heading\">QU&rsquo;EST-CE QUE LES COOKIES ?<\/h2>\n\n\n\n<p>Les cookies sont de petits fichiers que certaines plateformes, telles que les sites Web, peuvent installer sur votre ordinateur, smartphone, tablette ou t\u00e9l\u00e9vision connect\u00e9e lors de leur acc\u00e8s. Leurs fonctions peuvent \u00eatre tr\u00e8s diverses : stocker vos pr\u00e9f\u00e9rences de navigation, collecter des informations statistiques, permettre certaines fonctionnalit\u00e9s techniques, stocker et r\u00e9cup\u00e9rer des informations sur les habitudes de navigation ou les pr\u00e9f\u00e9rences d&rsquo;un utilisateur ou de son \u00e9quipement jusqu&rsquo;au point, parfois, en fonction des informations qu&rsquo;ils contiennent et de la mani\u00e8re dont vous utilisez votre \u00e9quipement, de pouvoir le reconna\u00eetre. Un cookie est stock\u00e9 sur un ordinateur pour personnaliser et faciliter au maximum la navigation de l&rsquo;utilisateur. Les cookies sont associ\u00e9s uniquement \u00e0 un utilisateur et \u00e0 son ordinateur et ne fournissent pas de r\u00e9f\u00e9rences permettant de d\u00e9duire des donn\u00e9es personnelles de l&rsquo;utilisateur. L&rsquo;utilisateur peut configurer son navigateur pour qu&rsquo;il notifie ou rejette l&rsquo;installation de cookies envoy\u00e9s par le site Web.<\/p>\n\n\n\n<h2 class=\"wp-block-heading\">POURQUOI SONT-ILS IMPORTANTS ?<\/h2>\n\n\n\n<p>Les cookies sont utiles pour plusieurs raisons. D&rsquo;un point de vue technique, ils permettent aux sites Web de fonctionner de mani\u00e8re plus agile et adapt\u00e9e aux pr\u00e9f\u00e9rences de l&rsquo;utilisateur, telles que le stockage de leur langue ou de la devise de leur pays. De plus, ils aident les propri\u00e9taires de sites Web \u00e0 am\u00e9liorer les services qu&rsquo;ils offrent, gr\u00e2ce aux informations statistiques qu&rsquo;ils recueillent \u00e0 travers eux. Enfin, ils servent \u00e0 rendre la publicit\u00e9 que nous vous montrons plus efficace, gr\u00e2ce \u00e0 laquelle nous pouvons vous offrir des services gratuitement.<\/p>\n\n\n\n<h2 class=\"wp-block-heading\">COMMENT UTILISONS-NOUS LES COOKIES ?<\/h2>\n\n\n\n<p>Naviguer sur ce site Web implique que les types de cookies suivants peuvent \u00eatre install\u00e9s : Cookies d&rsquo;am\u00e9lioration des performances Ce type de cookies conserve vos pr\u00e9f\u00e9rences pour certains outils ou services afin que vous n&rsquo;ayez pas \u00e0 les reconfigurer \u00e0 chaque fois que vous visitez notre portail et, dans certains cas, ils peuvent \u00eatre fournis par des tiers. Quelques exemples de ce type de cookies sont : r\u00e9glage du volume des lecteurs audiovisuels, pr\u00e9f\u00e9rences de tri des articles ou vitesses de lecture vid\u00e9o prises en charge. Dans le cas du commerce \u00e9lectronique, ils vous permettent de conserver des informations sur votre panier d&rsquo;achat.<\/p>\n\n\n\n<h2 class=\"wp-block-heading\">COOKIES D&rsquo;ANALYSE STATISTIQUE<\/h2>\n\n\n\n<p>Ce sont des cookies qui, qu&rsquo;ils soient trait\u00e9s par nous ou par des tiers, permettent de quantifier le nombre de visiteurs et d&rsquo;analyser statistiquement l&rsquo;utilisation que les utilisateurs font de nos services. Gr\u00e2ce \u00e0 eux, nous pouvons \u00e9tudier la navigation sur notre site Web et ainsi am\u00e9liorer l&rsquo;offre de produits ou services que nous proposons. Ces cookies ne seront associ\u00e9s \u00e0 aucune donn\u00e9e personnelle pouvant identifier l&rsquo;utilisateur, fournissant des informations sur le comportement de navigation de mani\u00e8re anonyme.<\/p>\n\n\n\n<h2 class=\"wp-block-heading\">COOKIES DE G\u00c9OLOCALISATION<\/h2>\n\n\n\n<p>Ces cookies sont utilis\u00e9s par des programmes qui tentent de localiser g\u00e9ographiquement la position de l&rsquo;ordinateur, du smartphone, de la tablette ou de la t\u00e9l\u00e9vision connect\u00e9e, pour vous offrir du contenu et des services plus adapt\u00e9s de mani\u00e8re totalement anonyme.<\/p>\n\n\n\n<h2 class=\"wp-block-heading\">COOKIES D&rsquo;ENREGISTREMENT<\/h2>\n\n\n\n<p>Il s&rsquo;agit de cookies qui vous identifient en tant qu&rsquo;utilisateur enregistr\u00e9 et indiquent quand vous vous \u00eates identifi\u00e9 sur le Web. Ces cookies sont utilis\u00e9s pour identifier votre compte utilisateur et les services associ\u00e9s, facilitant ainsi votre navigation. Ces cookies sont conserv\u00e9s jusqu&rsquo;\u00e0 ce que vous quittiez le compte, fermiez le navigateur ou \u00e9teigniez l&rsquo;appareil. Ces cookies peuvent \u00eatre utilis\u00e9s en combinaison avec des donn\u00e9es analytiques pour identifier individuellement vos pr\u00e9f\u00e9rences sur notre portail.<\/p>\n\n\n\n<h2 class=\"wp-block-heading\">COOKIES PUBLICITAIRES<\/h2>\n\n\n\n<p>Ce sont des cookies qui, qu&rsquo;ils soient trait\u00e9s par nous ou par des tiers, nous permettent de g\u00e9rer efficacement les espaces publicitaires sur notre site Web, en adaptant le contenu de l&rsquo;annonce au contenu du service demand\u00e9 ou \u00e0 l&rsquo;utilisation que vous faites de notre site Web. Gr\u00e2ce \u00e0 eux, nous pouvons conna\u00eetre vos habitudes de navigation sur Internet et vous montrer des publicit\u00e9s li\u00e9es \u00e0 votre profil de navigation.<\/p>\n\n\n\n<h2 class=\"wp-block-heading\">AUTRES COOKIES DE TIERS<\/h2>\n\n\n\n<p>Sur certaines de nos pages, des cookies tiers peuvent \u00eatre install\u00e9s pour g\u00e9rer et am\u00e9liorer les services qu&rsquo;ils offrent. Un exemple de cette utilisation est les liens vers les r\u00e9seaux sociaux qui vous permettent de partager notre contenu.<\/p>\n\n\n    <\/div>\n<\/section>","protected":false},"excerpt":{"rendered":"","protected":false},"author":1,"featured_media":0,"parent":0,"menu_order":0,"comment_status":"closed","ping_status":"closed","template":"","meta":{"footnotes":""},"class_list":["post-339","page","type-page","status-publish","hentry"],"_links":{"self":[{"href":"https:\/\/sabor-espana.com\/fr\/wp-json\/wp\/v2\/pages\/339"}],"collection":[{"href":"https:\/\/sabor-espana.com\/fr\/wp-json\/wp\/v2\/pages"}],"about":[{"href":"https:\/\/sabor-espana.com\/fr\/wp-json\/wp\/v2\/types\/page"}],"author":[{"embeddable":true,"href":"https:\/\/sabor-espana.com\/fr\/wp-json\/wp\/v2\/users\/1"}],"replies":[{"embeddable":true,"href":"https:\/\/sabor-espana.com\/fr\/wp-json\/wp\/v2\/comments?post=339"}],"version-history":[{"count":2,"href":"https:\/\/sabor-espana.com\/fr\/wp-json\/wp\/v2\/pages\/339\/revisions"}],"predecessor-version":[{"id":1008,"href":"https:\/\/sabor-espana.com\/fr\/wp-json\/wp\/v2\/pages\/339\/revisions\/1008"}],"wp:attachment":[{"href":"https:\/\/sabor-espana.com\/fr\/wp-json\/wp\/v2\/media?parent=339"}],"curies":[{"name":"wp","href":"https:\/\/api.w.org\/{rel}","templated":true}]}}