{"id":310,"date":"2024-02-21T08:14:40","date_gmt":"2024-02-21T07:14:40","guid":{"rendered":"https:\/\/sabor-espana.desarrollando-web.es\/?page_id=310"},"modified":"2024-04-08T10:54:01","modified_gmt":"2024-04-08T08:54:01","slug":"contactez-nous","status":"publish","type":"page","link":"https:\/\/sabor-espana.com\/fr\/contactez-nous\/","title":{"rendered":"Contactez-nous"},"content":{"rendered":"<section class=\"block-adaptableRow \">\n    <div class=\"desktop-width\">\n        \n\n<p><\/p>\n\n\n<section class=\"content-form\">\n    <div class=\"inner-content-form\">\n\n        <div class=\"contenido\">\n                            <div class=\"titulo\">\n                    Dites-nous quelque chose\n                <\/div>\n                \n                            <div class=\"rich-text\">\n                    <p>Si vous souhaitez entrer en contact avec notre \u00e9quipe ou si vous souhaitez nous poser des questions, n&rsquo;h\u00e9sitez pas \u00e0 nous contacter. Un membre de notre \u00e9quipe lira votre message et vous r\u00e9pondra dans les plus brefs d\u00e9lais.<\/p>\n\n                <\/div>\n            \n                            <div class=\"imagen-bloque imagen-bloque-desktop\">\n                    <img decoding=\"async\" width=\"577\" height=\"382\" src=\"https:\/\/sabor-espana.com\/wp-content\/uploads\/2024\/04\/Rectangle-17.png\" class=\"\" alt=\"\" srcset=\"https:\/\/sabor-espana.com\/wp-content\/uploads\/2024\/04\/Rectangle-17.png 577w, https:\/\/sabor-espana.com\/wp-content\/uploads\/2024\/04\/Rectangle-17-300x199.png 300w\" \/>\n                <\/div>\n                    <\/div>\n\n                    <div class=\"shortcode-formulario\">\n                \n<div class=\"wpcf7 no-js\" id=\"wpcf7-f860-o1\" lang=\"fr-FR\" dir=\"ltr\">\n<div class=\"screen-reader-response\"><p role=\"status\" aria-live=\"polite\" aria-atomic=\"true\"><\/p> <ul><\/ul><\/div>\n<form action=\"\/fr\/wp-json\/wp\/v2\/pages\/310#wpcf7-f860-o1\" method=\"post\" class=\"wpcf7-form init\" aria-label=\"Formulaire de contact\" novalidate=\"novalidate\" data-status=\"init\">\n<div style=\"display: none;\">\n<input type=\"hidden\" name=\"_wpcf7\" value=\"860\" \/>\n<input type=\"hidden\" name=\"_wpcf7_version\" value=\"5.9.8\" \/>\n<input type=\"hidden\" name=\"_wpcf7_locale\" value=\"fr_FR\" \/>\n<input type=\"hidden\" name=\"_wpcf7_unit_tag\" value=\"wpcf7-f860-o1\" \/>\n<input type=\"hidden\" name=\"_wpcf7_container_post\" value=\"0\" \/>\n<input type=\"hidden\" name=\"_wpcf7_posted_data_hash\" value=\"\" \/>\n<input type=\"hidden\" name=\"_wpcf7_recaptcha_response\" value=\"\" \/>\n<\/div>\n<div class=\"form-title\">\n\t<p>Envoyer un message\n\t<\/p>\n<\/div>\n<p><span class=\"wpcf7-form-control-wrap\" data-name=\"nombre\"><input size=\"40\" maxlength=\"400\" class=\"wpcf7-form-control wpcf7-text wpcf7-validates-as-required\" aria-required=\"true\" aria-invalid=\"false\" placeholder=\"Pr\u00e9nom*\" value=\"\" type=\"text\" name=\"nombre\" \/><\/span>\n<\/p>\n<div class=\"form-row\">\n\t<p><span class=\"wpcf7-form-control-wrap\" data-name=\"telefono\"><input size=\"40\" maxlength=\"400\" class=\"wpcf7-form-control wpcf7-tel wpcf7-validates-as-required wpcf7-text wpcf7-validates-as-tel\" aria-required=\"true\" aria-invalid=\"false\" placeholder=\"T\u00e9l\u00e9phone*\" value=\"\" type=\"tel\" name=\"telefono\" \/><\/span><span class=\"wpcf7-form-control-wrap\" data-name=\"email\"><input size=\"40\" maxlength=\"400\" class=\"wpcf7-form-control wpcf7-email wpcf7-validates-as-required wpcf7-text wpcf7-validates-as-email\" aria-required=\"true\" aria-invalid=\"false\" placeholder=\"Email*\" value=\"\" type=\"email\" name=\"email\" \/><\/span>\n\t<\/p>\n<\/div>\n<p><span class=\"wpcf7-form-control-wrap\" data-name=\"textarea\"><textarea cols=\"40\" rows=\"10\" maxlength=\"2000\" class=\"wpcf7-form-control wpcf7-textarea\" aria-invalid=\"false\" placeholder=\"Ton message\" name=\"textarea\"><\/textarea><\/span><br \/>\n<span class=\"wpcf7-form-control-wrap\" data-name=\"acceptance\"><span class=\"wpcf7-form-control wpcf7-acceptance\"><span class=\"wpcf7-list-item\"><label><input type=\"checkbox\" name=\"acceptance\" value=\"1\" aria-invalid=\"false\" \/><span class=\"wpcf7-list-item-label\">J&rsquo;ai lu et accept\u00e9 les <a href=\"https:\/\/sabor-espana.com\/fr\/avis-juridique\/\" target=\"_blank\">Mentions l\u00e9gales<\/a> y <a href=\"https:\/\/sabor-espana.com\/fr\/politique-de-confidentialite\/\" target=\"_blank\">Pol\u00edtica de Privacidad<\/a><\/span><\/label><\/span><\/span><\/span><br \/>\n<input class=\"wpcf7-form-control wpcf7-submit has-spinner\" type=\"submit\" value=\"Envoyer\" \/>\n<\/p><p style=\"display: none !important;\" class=\"akismet-fields-container\" data-prefix=\"_wpcf7_ak_\"><label>&#916;<textarea name=\"_wpcf7_ak_hp_textarea\" cols=\"45\" rows=\"8\" maxlength=\"100\"><\/textarea><\/label><input type=\"hidden\" id=\"ak_js_1\" name=\"_wpcf7_ak_js\" value=\"93\"\/><script>document.getElementById( \"ak_js_1\" ).setAttribute( \"value\", ( new Date() ).getTime() );<\/script><\/p><div class=\"wpcf7-response-output\" aria-hidden=\"true\"><\/div>\n<\/form>\n<\/div>\n\n            <\/div>\n        \n                    <div class=\"imagen-bloque imagen-bloque-mobile\">\n                <img decoding=\"async\" width=\"577\" height=\"382\" src=\"https:\/\/sabor-espana.com\/wp-content\/uploads\/2024\/04\/Rectangle-17.png\" class=\"\" alt=\"\" srcset=\"https:\/\/sabor-espana.com\/wp-content\/uploads\/2024\/04\/Rectangle-17.png 577w, https:\/\/sabor-espana.com\/wp-content\/uploads\/2024\/04\/Rectangle-17-300x199.png 300w\" \/>\n            <\/div>\n            <\/div>\n\n<\/section>\n\n    <\/div>\n<\/section>","protected":false},"excerpt":{"rendered":"","protected":false},"author":1,"featured_media":0,"parent":0,"menu_order":0,"comment_status":"closed","ping_status":"closed","template":"contacto.blade.php","meta":{"footnotes":""},"class_list":["post-310","page","type-page","status-publish","hentry"],"_links":{"self":[{"href":"https:\/\/sabor-espana.com\/fr\/wp-json\/wp\/v2\/pages\/310"}],"collection":[{"href":"https:\/\/sabor-espana.com\/fr\/wp-json\/wp\/v2\/pages"}],"about":[{"href":"https:\/\/sabor-espana.com\/fr\/wp-json\/wp\/v2\/types\/page"}],"author":[{"embeddable":true,"href":"https:\/\/sabor-espana.com\/fr\/wp-json\/wp\/v2\/users\/1"}],"replies":[{"embeddable":true,"href":"https:\/\/sabor-espana.com\/fr\/wp-json\/wp\/v2\/comments?post=310"}],"version-history":[{"count":2,"href":"https:\/\/sabor-espana.com\/fr\/wp-json\/wp\/v2\/pages\/310\/revisions"}],"predecessor-version":[{"id":875,"href":"https:\/\/sabor-espana.com\/fr\/wp-json\/wp\/v2\/pages\/310\/revisions\/875"}],"wp:attachment":[{"href":"https:\/\/sabor-espana.com\/fr\/wp-json\/wp\/v2\/media?parent=310"}],"curies":[{"name":"wp","href":"https:\/\/api.w.org\/{rel}","templated":true}]}}